{"id":39,"date":"2021-03-19T12:05:29","date_gmt":"2021-03-19T12:05:29","guid":{"rendered":"https:\/\/soestinactie.nl\/?page_id=39"},"modified":"2021-12-16T09:43:29","modified_gmt":"2021-12-16T09:43:29","slug":"home","status":"publish","type":"page","link":"https:\/\/soestinactie.nl\/","title":{"rendered":"Home"},"content":{"rendered":"<p>[et_pb_section fb_built=&#8221;1&#8243; next_background_color=&#8221;#ffffff&#8221; module_id=&#8221;home&#8221; _builder_version=&#8221;4.9.2&#8243; background_enable_color=&#8221;off&#8221; background_image=&#8221;https:\/\/soestinactie.nl\/wp-content\/uploads\/2021\/03\/achtergrond-header-2.png&#8221; bottom_divider_style=&#8221;mountains2&#8243; global_colors_info=&#8221;{}&#8221;][et_pb_row _builder_version=&#8221;3.25&#8243; custom_padding=&#8221;0px|||||&#8221; global_colors_info=&#8221;{}&#8221;][et_pb_column type=&#8221;4_4&#8243; _builder_version=&#8221;3.25&#8243; custom_padding=&#8221;|||&#8221; global_colors_info=&#8221;{}&#8221; custom_padding__hover=&#8221;|||&#8221;][et_pb_image src=&#8221;https:\/\/soestinactie.nl\/wp-content\/uploads\/2021\/03\/bfc-pfs-weblogo.svg&#8221; title_text=&#8221;bfc-pfs-weblogo&#8221; align=&#8221;center&#8221; align_tablet=&#8221;center&#8221; align_phone=&#8221;&#8221; align_last_edited=&#8221;on|desktop&#8221; _builder_version=&#8221;4.9.2&#8243; global_colors_info=&#8221;{}&#8221;][\/et_pb_image][\/et_pb_column][\/et_pb_row][\/et_pb_section][et_pb_section fb_built=&#8221;1&#8243; _builder_version=&#8221;3.22.4&#8243; global_colors_info=&#8221;{}&#8221;][et_pb_row _builder_version=&#8221;3.25&#8243; global_colors_info=&#8221;{}&#8221;][et_pb_column type=&#8221;4_4&#8243; _builder_version=&#8221;3.25&#8243; custom_padding=&#8221;|||&#8221; global_colors_info=&#8221;{}&#8221; custom_padding__hover=&#8221;|||&#8221;][et_pb_text _builder_version=&#8221;4.9.2&#8243; text_font=&#8221;Montserrat||||||||&#8221; text_font_size=&#8221;53px&#8221; global_colors_info=&#8221;{}&#8221;]<\/p>\n<h1 style=\"text-align: center;\">BURPEE CHALLENGE<\/h1>\n<p>[\/et_pb_text][et_pb_text _builder_version=&#8221;4.14.2&#8243; text_font_size=&#8221;21px&#8221; hover_enabled=&#8221;0&#8243; global_colors_info=&#8221;{}&#8221; sticky_enabled=&#8221;0&#8243;]<\/p>\n<p><span>Het eerste initiatief wat door Soest in Actie is georganiseerd is \u2018Burpees for Conservation\u2019. Het was een groot succes! Er werd geld opgehaald voor de\u00a0<\/span><a href=\"https:\/\/www.tshemboafricafoundation.com\/\">Stichting Tshembo Africa<\/a><span> Foundation door het maken van zoveel mogelijk burpees.\u00a0<\/span>Op 15 mei 2021 ging het eindelijk gebeuren. Het team van <a href=\"https:\/\/www.personalfitnessnederland.nl\/vestigingen\/soest\/\">Personal Fitness Soest<\/a> ging samen met jou de uitdaging aan om in 2 uur tijd het door jou persoonlijk gestelde burpee-doel te halen voor het goede doel.<\/p>\n<p>De opbrengst van deze actie kwam volledige ten goede aan de Stichting Tshembo Africa Foundation in Zuid-Afrika.\u00a0<span>Dit resulteerde in 56.371 gemaakte burpees een een opgehaald bedrag van\u00a0<\/span><strong>\u20ac 19.062,07 (ZAR 344.938)<\/strong><span>.\u00a0<\/span><\/p>\n<p>&nbsp;<\/p>\n<p>[\/et_pb_text][\/et_pb_column][\/et_pb_row][et_pb_row _builder_version=&#8221;4.12.0&#8243; _module_preset=&#8221;default&#8221; global_colors_info=&#8221;{}&#8221;][et_pb_column type=&#8221;4_4&#8243; _builder_version=&#8221;4.12.0&#8243; _module_preset=&#8221;default&#8221; global_colors_info=&#8221;{}&#8221;][et_pb_video src=&#8221;https:\/\/soestinactie.nl\/wp-content\/uploads\/2021\/10\/Burpees-for-Conservation-Aftermovie-1.mp4&#8243; _builder_version=&#8221;4.12.0&#8243; _module_preset=&#8221;default&#8221; global_colors_info=&#8221;{}&#8221;][\/et_pb_video][\/et_pb_column][\/et_pb_row][\/et_pb_section][et_pb_section fb_built=&#8221;1&#8243; _builder_version=&#8221;4.9.2&#8243; _module_preset=&#8221;default&#8221; global_colors_info=&#8221;{}&#8221;][et_pb_row _builder_version=&#8221;3.25&#8243; custom_margin=&#8221;14px|auto||auto||&#8221; global_colors_info=&#8221;{}&#8221;][et_pb_column type=&#8221;4_4&#8243; _builder_version=&#8221;3.25&#8243; custom_padding=&#8221;|||&#8221; global_colors_info=&#8221;{}&#8221; custom_padding__hover=&#8221;|||&#8221;][et_pb_text _builder_version=&#8221;4.9.2&#8243; global_colors_info=&#8221;{}&#8221;]<\/p>\n<h1 style=\"text-align: center;\">DE ACTIE<\/h1>\n<p>[\/et_pb_text][et_pb_text _builder_version=&#8221;4.14.2&#8243; hover_enabled=&#8221;0&#8243; global_colors_info=&#8221;{}&#8221; sticky_enabled=&#8221;0&#8243;]<\/p>\n<p>Omdat er dagelijks nog extreem veel dieren worden gestroopt, lanceren Tshembo Africa Foundation en Greater Kruger Environmental Protection Foundation de #BurpeesForConservation-uitdaging.<\/p>\n<p>Het doel van deze inzamelingsactie is zo veel mogelijk geld op te halen om rangers op te leiden het stropen te bestrijden. Dit zal worden bereikt door duizenden mensen over de hele wereld te betrekken bij deze sportieve uitdaging om een \u200b\u200btotaal van 1 miljoen burpees te bereiken en daarvoor sponsoring te krijgen.<\/p>\n<p><img loading=\"lazy\" decoding=\"async\" src=\"https:\/\/soestinactie.nl\/wp-content\/uploads\/2021\/03\/burpeesforconservation-300x71.png\" width=\"300\" height=\"71\" alt=\"\" class=\"wp-image-245 aligncenter size-medium\" style=\"float: left;\" \/><\/p>\n<p>&nbsp;<\/p>\n<p>&nbsp;<\/p>\n<p><span>Om dit initiatief op gang te brengen heeft Bruce Lawson \u2013 mede-oprichter van Tshembo Africa Foundation en oud-mentor van Jaap \u2013 zichzelf een doel gesteld. Het zetten van een nieuw wereldrecord door 30.000 burpees in 10 dagen uit te voeren.<\/span> Dit heeft hij 24 maart jongstleden met succes <span> voltooid<\/span>.<\/p>\n<p>Met dit initiatief wil hij zoveel mogelijk individuen, bedrijven en scholen betrekken en inspireren en geeft hij iedereen de gelegenheid om de rangers in het veld te steunen. Met jou<span>w<\/span> steun kunnen zij de belangrijke wildernisgebieden beschermen en veilig stellen voor toekomstige generaties. Kijk ook op zijn<span>\u00a0<\/span><a href=\"https:\/\/www.instagram.com\/tshembo_africa\/\">instagram<\/a>.<\/p>\n<p><span>In oktober overhandigden we met grote trots een cheque van ZAR 1.000.000 aan de CEO van de Greater Kruger Environmental Protection Foundation (GKEPF). Dit was alleen mogelijk door de toegewijde inzet van de deelnemers aan de #Burpeesforconservation challenge en de vele gulle donaties die we hebben ontvangen.<\/span><\/p>\n<p>[\/et_pb_text][et_pb_image src=&#8221;https:\/\/soestinactie.nl\/wp-content\/uploads\/2021\/12\/facebook_1639647138822_6877178552953815331.jpg&#8221; _builder_version=&#8221;4.14.2&#8243; _module_preset=&#8221;default&#8221; title_text=&#8221;facebook_1639647138822_6877178552953815331&#8243; hover_enabled=&#8221;0&#8243; sticky_enabled=&#8221;0&#8243;][\/et_pb_image][\/et_pb_column][\/et_pb_row][et_pb_row column_structure=&#8221;1_2,1_2&#8243; use_custom_gutter=&#8221;on&#8221; gutter_width=&#8221;1&#8243; _builder_version=&#8221;4.9.2&#8243; _module_preset=&#8221;default&#8221; global_colors_info=&#8221;{}&#8221;][et_pb_column type=&#8221;1_2&#8243; _builder_version=&#8221;4.9.2&#8243; _module_preset=&#8221;default&#8221; global_colors_info=&#8221;{}&#8221;][et_pb_text _builder_version=&#8221;4.9.2&#8243; _module_preset=&#8221;default&#8221; global_colors_info=&#8221;{}&#8221;]<iframe loading=\"lazy\" width=\"640\" height=\"360\" src=\"https:\/\/www.youtube.com\/embed\/PPSRBBVJpMc?autoplay=0&#038;rel=0&#038;version=3\" title=\"YouTube video player\" frameborder=\"0\" allow=\"accelerometer; autoplay; clipboard-write; encrypted-media; gyroscope; picture-in-picture\" allowfullscreen><\/iframe>[\/et_pb_text][\/et_pb_column][et_pb_column type=&#8221;1_2&#8243; _builder_version=&#8221;4.9.2&#8243; _module_preset=&#8221;default&#8221; global_colors_info=&#8221;{}&#8221;][et_pb_text _builder_version=&#8221;4.9.2&#8243; _module_preset=&#8221;default&#8221; global_colors_info=&#8221;{}&#8221;]<iframe loading=\"lazy\" width=\"640\" height=\"360\" src=\"https:\/\/www.youtube.com\/embed\/GwyaQDyD1Tg?rel=0&#038;loop=1\" title=\"YouTube video player\" frameborder=\"0\" allow=\"accelerometer; autoplay=1; clipboard-write; encrypted-media; gyroscope; picture-in-picture\" allowfullscreen><\/iframe>[\/et_pb_text][\/et_pb_column][\/et_pb_row][\/et_pb_section][et_pb_section fb_built=&#8221;1&#8243; _builder_version=&#8221;4.9.2&#8243; background_color=&#8221;#f9f9f9&#8243; custom_padding=&#8221;0px||12px|||&#8221; global_colors_info=&#8221;{}&#8221;][et_pb_row _builder_version=&#8221;3.25&#8243; global_colors_info=&#8221;{}&#8221;][et_pb_column type=&#8221;4_4&#8243; _builder_version=&#8221;3.25&#8243; custom_padding=&#8221;|||&#8221; global_colors_info=&#8221;{}&#8221; custom_padding__hover=&#8221;|||&#8221;][et_pb_text module_id=&#8221;doel&#8221; _builder_version=&#8221;4.9.2&#8243; global_colors_info=&#8221;{}&#8221;]<\/p>\n<h1 style=\"text-align: center;\">TSHEMBO AFRICA FOUNDATION<\/h1>\n<p>[\/et_pb_text][et_pb_text _builder_version=&#8221;4.9.2&#8243; global_colors_info=&#8221;{}&#8221;]<\/p>\n<p>Zoals je wellicht weet is Jaap (werkzaam bij Personal Fitness Soest) jarenlang gids geweest in het Krugerpark. Hij heeft nog altijd een enorme liefde voor de natuur en wildlife in Afrika en compassie met het goede werk van zijn vrienden bij de Stichting Tshembo Africa Foundation.<\/span><\/p>\n<p>Tshembo betekent &#8220;Hoop&#8221; in Xitsonga, \u00e9\u00e9n van de 12 offici\u00eble talen in Zuid-Afrika.<\/p>\n<p><span style=\"font-size: 18px;\">De non-profit stichting is opgericht door vooraanstaande Safari gidsen die het belang van het beschermen van natuurgebieden onderschrijven. \u00a0Met het uitbreken van de corona pandemie zijn de inkomsten uit het toerisme weggevallen. Hierdoor is het stropen van dieren ge\u00ebxplodeerd. De stichting streeft ernaar om de leefgemeenschappen rondom deze gebieden actief bij het behoud te betrekken. Zo kan er een positieve symbiotische relatie ontstaan waarbij de mensen in deze gemeenschappen en de natuur er op vooruit gaan <\/span><\/p>\n<p><span style=\"font-size: 18px;\"><\/span><\/p>\n<p>[\/et_pb_text][\/et_pb_column][\/et_pb_row][et_pb_row column_structure=&#8221;1_3,1_3,1_3&#8243; use_custom_gutter=&#8221;on&#8221; gutter_width=&#8221;1&#8243; _builder_version=&#8221;4.9.2&#8243; _module_preset=&#8221;default&#8221; width=&#8221;100%&#8221; custom_margin=&#8221;-37px|auto||auto||&#8221; custom_padding=&#8221;||25px|||&#8221; global_colors_info=&#8221;{}&#8221;][et_pb_column type=&#8221;1_3&#8243; _builder_version=&#8221;4.9.2&#8243; _module_preset=&#8221;default&#8221; global_colors_info=&#8221;{}&#8221;][et_pb_image src=&#8221;https:\/\/soestinactie.nl\/wp-content\/uploads\/2021\/03\/DSC_0160-Southern-pride-cubs.jpg&#8221; title_text=&#8221;DSC_0160 Southern pride cubs&#8221; _builder_version=&#8221;4.9.2&#8243; _module_preset=&#8221;default&#8221; global_colors_info=&#8221;{}&#8221;][\/et_pb_image][et_pb_image src=&#8221;https:\/\/soestinactie.nl\/wp-content\/uploads\/2021\/03\/MG_1797.jpg&#8221; title_text=&#8221;_MG_1797&#8243; _builder_version=&#8221;4.9.2&#8243; _module_preset=&#8221;default&#8221; global_colors_info=&#8221;{}&#8221;][\/et_pb_image][et_pb_image src=&#8221;https:\/\/soestinactie.nl\/wp-content\/uploads\/2021\/03\/kinderen.png&#8221; title_text=&#8221;kinderen&#8221; _builder_version=&#8221;4.9.2&#8243; _module_preset=&#8221;default&#8221; custom_margin=&#8221;||-4px|||&#8221; global_colors_info=&#8221;{}&#8221;][\/et_pb_image][\/et_pb_column][et_pb_column type=&#8221;1_3&#8243; _builder_version=&#8221;4.9.2&#8243; _module_preset=&#8221;default&#8221; global_colors_info=&#8221;{}&#8221;][et_pb_image src=&#8221;https:\/\/soestinactie.nl\/wp-content\/uploads\/2021\/03\/IMG_0909.jpg&#8221; title_text=&#8221;IMG_0909&#8243; _builder_version=&#8221;4.9.2&#8243; _module_preset=&#8221;default&#8221; global_colors_info=&#8221;{}&#8221;][\/et_pb_image][\/et_pb_column][et_pb_column type=&#8221;1_3&#8243; _builder_version=&#8221;4.9.2&#8243; _module_preset=&#8221;default&#8221; global_colors_info=&#8221;{}&#8221;][et_pb_image src=&#8221;https:\/\/soestinactie.nl\/wp-content\/uploads\/2021\/03\/DSC5543-2.jpeg&#8221; title_text=&#8221;_DSC5543 2&#8243; _builder_version=&#8221;4.9.2&#8243; _module_preset=&#8221;default&#8221; global_colors_info=&#8221;{}&#8221;][\/et_pb_image][et_pb_image src=&#8221;https:\/\/soestinactie.nl\/wp-content\/uploads\/2021\/03\/MG_0198.jpg&#8221; title_text=&#8221;_MG_0198&#8243; _builder_version=&#8221;4.9.2&#8243; _module_preset=&#8221;default&#8221; global_colors_info=&#8221;{}&#8221;][\/et_pb_image][\/et_pb_column][\/et_pb_row][et_pb_row _builder_version=&#8221;4.9.2&#8243; _module_preset=&#8221;default&#8221; global_colors_info=&#8221;{}&#8221;][et_pb_column type=&#8221;4_4&#8243; _builder_version=&#8221;4.9.2&#8243; _module_preset=&#8221;default&#8221; global_colors_info=&#8221;{}&#8221;][et_pb_text _builder_version=&#8221;4.9.2&#8243; _module_preset=&#8221;default&#8221; global_colors_info=&#8221;{}&#8221;]<\/p>\n<p><span style=\"font-size: 18px;\">Ze zijn gevestigd in het Kruger to Canyon Biosphere Reserve in de stad Hoedspruit en geven veel om het ondersteunen van beschermde gebieden, het verbeteren van het levensonderhoud van de lokale bevolking en het financieren van instandhoudingsinitiatieven.<\/span>\u00a0<\/p>\n<p>[\/et_pb_text][et_pb_text _builder_version=&#8221;4.9.2&#8243; _module_preset=&#8221;default&#8221; global_colors_info=&#8221;{}&#8221;]<iframe loading=\"lazy\" width=\"1280\" height=\"720\" src=\"https:\/\/www.youtube.com\/embed\/GwyaQDyD1Tg?rel=0\" title=\"YouTube video player\" frameborder=\"0\" allow=\"accelerometer; autoplay; clipboard-write; encrypted-media; gyroscope; picture-in-picture\" allowfullscreen><\/iframe>[\/et_pb_text][et_pb_text _builder_version=&#8221;4.9.2&#8243; _module_preset=&#8221;default&#8221; global_colors_info=&#8221;{}&#8221;]<\/p>\n<p>Wil je meer weten over de stichting lees dan verder op de website van <a href=\"https:\/\/www.tshemboafricafoundation.com\/\">Tshembo Africa Foundation.<\/a><\/p>\n<p>[\/et_pb_text][\/et_pb_column][\/et_pb_row][et_pb_row column_structure=&#8221;1_5,1_5,1_5,1_5,1_5&#8243; _builder_version=&#8221;4.9.2&#8243; _module_preset=&#8221;default&#8221; link_option_url=&#8221;https:\/\/goo.gl\/maps\/GgJ33fjpNHEUqsse9&#8243; global_colors_info=&#8221;{}&#8221;][et_pb_column type=&#8221;1_5&#8243; _builder_version=&#8221;4.9.2&#8243; _module_preset=&#8221;default&#8221; global_colors_info=&#8221;{}&#8221;][et_pb_image src=&#8221;https:\/\/soestinactie.nl\/wp-content\/uploads\/2021\/03\/kaart-5.png&#8221; title_text=&#8221;Spruithoet&#8221; src_tablet=&#8221;https:\/\/soestinactie.nl\/wp-content\/uploads\/2021\/03\/kaart-5.png&#8221; src_phone=&#8221;https:\/\/soestinactie.nl\/wp-content\/uploads\/2021\/03\/kaart-5.png&#8221; src_last_edited=&#8221;on|phone&#8221; disabled_on=&#8221;on|off|off&#8221; _builder_version=&#8221;4.9.2&#8243; _module_preset=&#8221;default&#8221; global_colors_info=&#8221;{}&#8221;][\/et_pb_image][\/et_pb_column][et_pb_column type=&#8221;1_5&#8243; _builder_version=&#8221;4.9.2&#8243; _module_preset=&#8221;default&#8221; global_colors_info=&#8221;{}&#8221;][et_pb_image src=&#8221;https:\/\/soestinactie.nl\/wp-content\/uploads\/2021\/03\/kaart-1.png&#8221; title_text=&#8221;kaart-1&#8243; disabled_on=&#8221;on|off|off&#8221; _builder_version=&#8221;4.9.2&#8243; _module_preset=&#8221;default&#8221; global_colors_info=&#8221;{}&#8221;][\/et_pb_image][\/et_pb_column][et_pb_column type=&#8221;1_5&#8243; _builder_version=&#8221;4.9.2&#8243; _module_preset=&#8221;default&#8221; global_colors_info=&#8221;{}&#8221;][et_pb_image src=&#8221;https:\/\/soestinactie.nl\/wp-content\/uploads\/2021\/03\/kaart-2.png&#8221; title_text=&#8221;kaart-2&#8243; _builder_version=&#8221;4.9.2&#8243; _module_preset=&#8221;default&#8221; global_colors_info=&#8221;{}&#8221;][\/et_pb_image][\/et_pb_column][et_pb_column type=&#8221;1_5&#8243; _builder_version=&#8221;4.9.2&#8243; _module_preset=&#8221;default&#8221; global_colors_info=&#8221;{}&#8221;][et_pb_image src=&#8221;https:\/\/soestinactie.nl\/wp-content\/uploads\/2021\/03\/kaart-3.png&#8221; title_text=&#8221;kaart-3&#8243; disabled_on=&#8221;on|off|off&#8221; _builder_version=&#8221;4.9.2&#8243; _module_preset=&#8221;default&#8221; global_colors_info=&#8221;{}&#8221;][\/et_pb_image][\/et_pb_column][et_pb_column type=&#8221;1_5&#8243; _builder_version=&#8221;4.9.2&#8243; _module_preset=&#8221;default&#8221; global_colors_info=&#8221;{}&#8221;][et_pb_image src=&#8221;https:\/\/soestinactie.nl\/wp-content\/uploads\/2021\/03\/kaart-4.png&#8221; title_text=&#8221;kaart-4&#8243; disabled_on=&#8221;on|off|off&#8221; _builder_version=&#8221;4.9.2&#8243; _module_preset=&#8221;default&#8221; global_colors_info=&#8221;{}&#8221;][\/et_pb_image][\/et_pb_column][\/et_pb_row][\/et_pb_section][et_pb_section fb_built=&#8221;1&#8243; _builder_version=&#8221;4.9.2&#8243; _module_preset=&#8221;default&#8221; background_color=&#8221;#f9f9f9&#8243; global_colors_info=&#8221;{}&#8221;][\/et_pb_section][et_pb_section fb_built=&#8221;1&#8243; _builder_version=&#8221;4.9.2&#8243; _module_preset=&#8221;default&#8221; background_enable_color=&#8221;off&#8221; background_image=&#8221;https:\/\/soestinactie.nl\/wp-content\/uploads\/2021\/03\/background50.png&#8221; custom_margin=&#8221;-57px||||false|false&#8221; custom_padding=&#8221;||||false|false&#8221; top_divider_style=&#8221;mountains2&#8243; top_divider_color=&#8221;#f9f9f9&#8243; top_divider_height=&#8221;49px&#8221; top_divider_flip=&#8221;horizontal&#8221; global_colors_info=&#8221;{}&#8221;][et_pb_row _builder_version=&#8221;4.9.2&#8243; _module_preset=&#8221;default&#8221; custom_padding=&#8221;69px|||||&#8221; global_colors_info=&#8221;{}&#8221;][et_pb_column type=&#8221;4_4&#8243; _builder_version=&#8221;4.9.2&#8243; _module_preset=&#8221;default&#8221; global_colors_info=&#8221;{}&#8221;][et_pb_text module_id=&#8221;contact&#8221; _builder_version=&#8221;4.12.0&#8243; _module_preset=&#8221;default&#8221; global_colors_info=&#8221;{}&#8221;]<\/p>\n<h1>CONTACT<\/h1>\n<p>[\/et_pb_text][et_pb_text _builder_version=&#8221;4.9.2&#8243; _module_preset=&#8221;default&#8221; global_colors_info=&#8221;{}&#8221;]\n<div class=\"wpcf7 no-js\" id=\"wpcf7-f8-o1\" lang=\"nl-NL\" dir=\"ltr\" data-wpcf7-id=\"8\">\n<div class=\"screen-reader-response\"><p role=\"status\" aria-live=\"polite\" aria-atomic=\"true\"><\/p> <ul><\/ul><\/div>\n<form action=\"\/index.php?rest_route=%2Fwp%2Fv2%2Fpages%2F39#wpcf7-f8-o1\" method=\"post\" class=\"wpcf7-form init\" aria-label=\"Contactformulier\" novalidate=\"novalidate\" data-status=\"init\">\n<fieldset class=\"hidden-fields-container\"><input type=\"hidden\" name=\"_wpcf7\" value=\"8\" \/><input type=\"hidden\" name=\"_wpcf7_version\" value=\"6.1.5\" \/><input type=\"hidden\" name=\"_wpcf7_locale\" value=\"nl_NL\" \/><input type=\"hidden\" name=\"_wpcf7_unit_tag\" value=\"wpcf7-f8-o1\" \/><input type=\"hidden\" name=\"_wpcf7_container_post\" value=\"0\" \/><input type=\"hidden\" name=\"_wpcf7_posted_data_hash\" value=\"\" \/>\n<\/fieldset>\n<p><label> Je naam<br \/>\n<span class=\"wpcf7-form-control-wrap\" data-name=\"your-name\"><input size=\"40\" maxlength=\"400\" class=\"wpcf7-form-control wpcf7-text wpcf7-validates-as-required\" aria-required=\"true\" aria-invalid=\"false\" value=\"\" type=\"text\" name=\"your-name\" \/><\/span> <\/label>\n<\/p>\n<p><label> Je e-mailadres<br \/>\n<span class=\"wpcf7-form-control-wrap\" data-name=\"your-email\"><input size=\"40\" maxlength=\"400\" class=\"wpcf7-form-control wpcf7-email wpcf7-validates-as-required wpcf7-text wpcf7-validates-as-email\" aria-required=\"true\" aria-invalid=\"false\" value=\"\" type=\"email\" name=\"your-email\" \/><\/span> <\/label>\n<\/p>\n<p><span id=\"wpcf7-69fcae27537e2-wrapper\" class=\"wpcf7-form-control-wrap E-mailsponsor-wrap\" style=\"display:none !important; visibility:hidden !important;\"><label for=\"wpcf7-69fcae27537e2-field\" class=\"hp-message\">Gelieve dit veld leeg te laten.<\/label><input id=\"wpcf7-69fcae27537e2-field\"  class=\"wpcf7-form-control wpcf7-text\" type=\"text\" name=\"E-mailsponsor\" value=\"\" size=\"40\" tabindex=\"-1\" autocomplete=\"new-password\" \/><\/span>\n<\/p>\n<p><label> Onderwerp<br \/>\n<span class=\"wpcf7-form-control-wrap\" data-name=\"your-subject\"><input size=\"40\" maxlength=\"400\" class=\"wpcf7-form-control wpcf7-text wpcf7-validates-as-required\" aria-required=\"true\" aria-invalid=\"false\" value=\"\" type=\"text\" name=\"your-subject\" \/><\/span> <\/label>\n<\/p>\n<p><label> Je bericht<br \/>\n<span class=\"wpcf7-form-control-wrap\" data-name=\"your-message\"><textarea cols=\"40\" rows=\"10\" maxlength=\"2000\" class=\"wpcf7-form-control wpcf7-textarea\" aria-invalid=\"false\" name=\"your-message\"><\/textarea><\/span> <\/label>\n<\/p>\n<p><input class=\"wpcf7-form-control wpcf7-submit has-spinner\" type=\"submit\" value=\"Verzenden\" \/>\n<\/p><div class=\"wpcf7-response-output\" aria-hidden=\"true\"><\/div>\n<\/form>\n<\/div>\n[\/et_pb_text][et_pb_text _builder_version=&#8221;4.9.2&#8243; _module_preset=&#8221;default&#8221; global_colors_info=&#8221;{}&#8221;]<\/p>\n<p>Stuur je liever een bericht vanuit je eigen email? Dit kan uiteraard ook door je bericht naar het onderstaande adres te sturen.<br \/><a href=\"mailto:info@soestinactie.nl\">info@soestinactie.nl<\/a> ter attentie van Jaap.<\/p>\n<p>[\/et_pb_text][\/et_pb_column][\/et_pb_row][\/et_pb_section][et_pb_section fb_built=&#8221;1&#8243; _builder_version=&#8221;4.9.2&#8243; _module_preset=&#8221;default&#8221; background_color=&#8221;#a0a0a0&#8243; background_image=&#8221;https:\/\/soestinactie.nl\/wp-content\/uploads\/2021\/03\/background50.png&#8221; global_colors_info=&#8221;{}&#8221;][et_pb_row _builder_version=&#8221;4.9.2&#8243; _module_preset=&#8221;default&#8221; global_colors_info=&#8221;{}&#8221;][et_pb_column type=&#8221;4_4&#8243; _builder_version=&#8221;4.9.2&#8243; _module_preset=&#8221;default&#8221; global_colors_info=&#8221;{}&#8221;][et_pb_text module_id=&#8221;informatie&#8221; _builder_version=&#8221;4.9.2&#8243; _module_preset=&#8221;default&#8221; text_text_color=&#8221;#FFFFFF&#8221; global_colors_info=&#8221;{}&#8221;]<\/p>\n<h1>Informatie<\/h1>\n<p>[\/et_pb_text][et_pb_text _builder_version=&#8221;4.12.0&#8243; _module_preset=&#8221;default&#8221; text_text_color=&#8221;#000000&#8243; global_colors_info=&#8221;{}&#8221;]<\/p>\n<p><strong>Soest in Actie was een initiatief van Personal Fitness Soest. <\/strong><\/p>\n<p><strong>De gehele opbrengst van de actie kwam ten goede aan de stichting Tshembo.<\/strong><strong><\/strong><\/p>\n<p>[\/et_pb_text][\/et_pb_column][\/et_pb_row][\/et_pb_section]<\/p>\n","protected":false},"excerpt":{"rendered":"<p>BURPEE CHALLENGEHet eerste initiatief wat door Soest in Actie is georganiseerd is \u2018Burpees for Conservation\u2019. Het was een groot succes! Er werd geld opgehaald voor de\u00a0Stichting Tshembo Africa Foundation door het maken van zoveel mogelijk burpees.\u00a0Op 15 mei 2021 ging het eindelijk gebeuren. Het team van Personal Fitness Soest ging samen met jou de uitdaging [&hellip;]<\/p>\n","protected":false},"author":1,"featured_media":0,"parent":0,"menu_order":0,"comment_status":"closed","ping_status":"closed","template":"","meta":{"_et_pb_use_builder":"on","_et_pb_old_content":"","_et_gb_content_width":"","inline_featured_image":false,"footnotes":""},"class_list":["post-39","page","type-page","status-publish","hentry"],"_links":{"self":[{"href":"https:\/\/soestinactie.nl\/index.php?rest_route=\/wp\/v2\/pages\/39","targetHints":{"allow":["GET"]}}],"collection":[{"href":"https:\/\/soestinactie.nl\/index.php?rest_route=\/wp\/v2\/pages"}],"about":[{"href":"https:\/\/soestinactie.nl\/index.php?rest_route=\/wp\/v2\/types\/page"}],"author":[{"embeddable":true,"href":"https:\/\/soestinactie.nl\/index.php?rest_route=\/wp\/v2\/users\/1"}],"replies":[{"embeddable":true,"href":"https:\/\/soestinactie.nl\/index.php?rest_route=%2Fwp%2Fv2%2Fcomments&post=39"}],"version-history":[{"count":193,"href":"https:\/\/soestinactie.nl\/index.php?rest_route=\/wp\/v2\/pages\/39\/revisions"}],"predecessor-version":[{"id":601,"href":"https:\/\/soestinactie.nl\/index.php?rest_route=\/wp\/v2\/pages\/39\/revisions\/601"}],"wp:attachment":[{"href":"https:\/\/soestinactie.nl\/index.php?rest_route=%2Fwp%2Fv2%2Fmedia&parent=39"}],"curies":[{"name":"wp","href":"https:\/\/api.w.org\/{rel}","templated":true}]}}